{"id":2122,"date":"2020-02-25T08:21:14","date_gmt":"2020-02-25T08:21:14","guid":{"rendered":"http:\/\/sw-themes.com\/porto_dummy\/elementor-shop1\/?page_id=2122"},"modified":"2024-08-12T14:16:50","modified_gmt":"2024-08-12T20:16:50","slug":"about-us","status":"publish","type":"page","link":"https:\/\/lovelsoft.com\/en\/about-us\/","title":{"rendered":"About Us"},"content":{"rendered":"<div class=\"wpb-content-wrapper\"><p>[vc_row wrap_container=&#8221;yes&#8221; css=&#8221;.vc_custom_1659506354463{padding-top: 35px !important;padding-bottom: 48px !important;}&#8221; conditional_render=&#8221;%5B%7B%22value_role%22%3A%22administrator%22%7D%5D&#8221;][vc_column]<div class=\"porto-u-heading m-b-md  wpb_custom_95aa9a11c17ad45cfabaf210d84ee7cc porto-u-9445 \"><div class=\"porto-u-sub-heading\" style=\"\">&nbsp;<\/p>\n<h2 style=\"text-align: center;\"><strong>NOSOTROS<\/strong><\/h2>\n<p><\/div><style>.porto-u-9445.porto-u-heading{text-align:center}<\/style><\/div><div class=\"porto-u-heading  wpb_custom_e0afd45bf4135cc4f0bc9a9e45bda0dc porto-u-9289 \"><div class=\"porto-u-sub-heading\" style=\"color: #222529;\"><strong>MISI\u00d3N<\/strong><\/p>\n<p>&#8220;En Lovelsoft, nos dedicamos a ofrecer soluciones tecnol\u00f3gicas innovadoras y accesibles que mejoren la vida de nuestros clientes. Nuestra misi\u00f3n es conectar a las personas con la tecnolog\u00eda de vanguardia, brindando productos de alta calidad y un servicio excepcional, mientras fomentamos un entorno sostenible y responsable en el uso de la tecnolog\u00eda.&#8221;<\/div><style>.porto-u-9289.porto-u-heading{text-align:left}<\/style><\/div><div class=\"porto-u-heading  wpb_custom_e0afd45bf4135cc4f0bc9a9e45bda0dc porto-u-9200 \"><div class=\"porto-u-sub-heading\" style=\"color: #222529;\"><strong>VISI\u00d3N<\/strong><\/p>\n<p>&#8220;Ser la empresa l\u00edder en el mercado de productos tecnol\u00f3gicos, reconocida por nuestra innovaci\u00f3n constante y compromiso con la satisfacci\u00f3n del cliente. Aspiramos a transformar la forma en que las personas interact\u00faan con la tecnolog\u00eda, creando un futuro donde cada hogar y negocio est\u00e9 equipado con soluciones que impulsen la eficiencia, la creatividad y la sostenibilidad.&#8221;<\/div><style>.porto-u-9200.porto-u-heading{text-align:left}<\/style><\/div>[\/vc_column][\/vc_row][vc_row wrap_container=&#8221;yes&#8221; css=&#8221;.vc_custom_1519805538811{padding-top: 50px !important;padding-bottom: 40px !important;background-color: #f4f4f4 !important;}&#8221;][vc_column]<div class=\"porto-u-heading m-b-md  wpb_custom_95aa9a11c17ad45cfabaf210d84ee7cc porto-u-3152 \"><div class=\"porto-u-main-heading\"><h2   style=\"font-weight:700;color:#21293c;font-size:19px;\">\u00bfPOR QU\u00c9 ELEGIRNOS?<\/h2><\/div><style>.porto-u-3152.porto-u-heading{text-align:left}<\/style><\/div>[vc_row_inner][vc_column_inner width=&#8221;1\/3&#8243;]<div class=\"porto-sicon-box  vc_custom_1723493474832  wpb_custom_a0e8eafd9f6b3a8b343b35a7ac494a51 style_1 top-icon\"><div class=\"porto-sicon-top\"><div class=\"porto-just-icon-wrapper porto-icon none\" style=\"color:#0088cc;font-size:55px;\"><i class=\"porto-icon-shipped\"><\/i><\/div><\/div><div class=\"porto-sicon-header\" style=\"margin-bottom:12px;\"><h3 class=\"porto-sicon-title\" style=\"font-weight:600;font-size:18px;line-height:20px;\">Env\u00edo veloz<\/h3><\/div> <!-- header --><\/div><!-- porto-sicon-box -->[\/vc_column_inner][vc_column_inner width=&#8221;1\/3&#8243;]<div class=\"porto-sicon-box  vc_custom_1723493511079  wpb_custom_a0e8eafd9f6b3a8b343b35a7ac494a51 style_1 top-icon\"><div class=\"porto-sicon-top\"><div class=\"porto-just-icon-wrapper porto-icon none\" style=\"color:#0088cc;font-size:55px;\"><i class=\"porto-icon-us-dollar\"><\/i><\/div><\/div><div class=\"porto-sicon-header\" style=\"margin-bottom:12px;\"><h3 class=\"porto-sicon-title\" style=\"font-weight:600;font-size:18px;line-height:20px;\">Pago seguro<\/h3><\/div> <!-- header --><\/div><!-- porto-sicon-box -->[\/vc_column_inner][vc_column_inner width=&#8221;1\/3&#8243;]<div class=\"porto-sicon-box  vc_custom_1723493527536  wpb_custom_a0e8eafd9f6b3a8b343b35a7ac494a51 style_1 top-icon\"><div class=\"porto-sicon-top\"><div class=\"porto-just-icon-wrapper porto-icon none\" style=\"color:#0088cc;font-size:55px;\"><i class=\"porto-icon-online-support\"><\/i><\/div><\/div><div class=\"porto-sicon-header\" style=\"margin-bottom:12px;\"><h3 class=\"porto-sicon-title\" style=\"font-weight:600;font-size:18px;line-height:20px;\">Soporte en l\u00ednea 24\/7<\/h3><\/div> <!-- header --><\/div><!-- porto-sicon-box -->[\/vc_column_inner][\/vc_row_inner][\/vc_column][\/vc_row][vc_row wrap_container=&#8221;yes&#8221; css=&#8221;.vc_custom_1519806887930{padding-top: 50px !important;padding-bottom: 10px !important;}&#8221;][vc_column][vc_row_inner][vc_column_inner width=&#8221;1\/2&#8243;][\/vc_column_inner][vc_column_inner width=&#8221;1\/2&#8243;][\/vc_column_inner][\/vc_row_inner][\/vc_column][\/vc_row][vc_row wrap_container=&#8221;yes&#8221; css=&#8221;.vc_custom_1519807308900{padding-top: 50px !important;padding-bottom: 15px !important;background-color: #f4f4f4 !important;}&#8221;][vc_column width=&#8221;1\/5&#8243; conditional_render=&#8221;%5B%7B%22value_role%22%3A%22administrator%22%7D%5D&#8221;][\/vc_column][vc_column width=&#8221;1\/5&#8243;][\/vc_column][vc_column width=&#8221;1\/5&#8243;][\/vc_column][vc_column width=&#8221;1\/5&#8243;][\/vc_column][vc_column width=&#8221;1\/5&#8243;][\/vc_column][\/vc_row]<\/p>\n<\/div>","protected":false},"excerpt":{"rendered":"<p>[vc_row wrap_container=&#8221;yes&#8221; css=&#8221;.vc_custom_1659506354463{padding-top: 35px !important;padding-bottom: 48px !important;}&#8221; conditional_render=&#8221;%5B%7B%22value_role%22%3A%22administrator%22%7D%5D&#8221;][vc_column][\/vc_column][\/vc_row][vc_row wrap_container=&#8221;yes&#8221; css=&#8221;.vc_custom_1519805538811{padding-top: 50px !important;padding-bottom: 40px !important;background-color: #f4f4f4 !important;}&#8221;][vc_column][vc_row_inner][vc_column_inner width=&#8221;1\/3&#8243;][\/vc_column_inner][vc_column_inner width=&#8221;1\/3&#8243;][\/vc_column_inner][vc_column_inner width=&#8221;1\/3&#8243;][\/vc_column_inner][\/vc_row_inner][\/vc_column][\/vc_row][vc_row wrap_container=&#8221;yes&#8221; css=&#8221;.vc_custom_1519806887930{padding-top: 50px !important;padding-bottom: 10px !important;}&#8221;][vc_column][vc_row_inner][vc_column_inner width=&#8221;1\/2&#8243;][\/vc_column_inner][vc_column_inner width=&#8221;1\/2&#8243;][\/vc_column_inner][\/vc_row_inner][\/vc_column][\/vc_row][vc_row wrap_container=&#8221;yes&#8221; css=&#8221;.vc_custom_1519807308900{padding-top: 50px !important;padding-bottom: 15px !important;background-color: #f4f4f4 !important;}&#8221;][vc_column width=&#8221;1\/5&#8243; conditional_render=&#8221;%5B%7B%22value_role%22%3A%22administrator%22%7D%5D&#8221;][\/vc_column][vc_column width=&#8221;1\/5&#8243;][\/vc_column][vc_column width=&#8221;1\/5&#8243;][\/vc_column][vc_column width=&#8221;1\/5&#8243;][\/vc_column][vc_column width=&#8221;1\/5&#8243;][\/vc_column][\/vc_row]<\/p>\n","protected":false},"author":1,"featured_media":0,"parent":0,"menu_order":0,"comment_status":"closed","ping_status":"closed","template":"","meta":{"_monsterinsights_skip_tracking":false,"_monsterinsights_sitenote_active":false,"_monsterinsights_sitenote_note":"","_monsterinsights_sitenote_category":0,"footnotes":""},"class_list":["post-2122","page","type-page","status-publish","hentry"],"yoast_head":"<!-- This site is optimized with the Yoast SEO Premium plugin v23.2 (Yoast SEO v24.4) - https:\/\/yoast.com\/wordpress\/plugins\/seo\/ -->\n<title>About Us - lovelsoft<\/title>\n<meta name=\"robots\" content=\"index, follow, max-snippet:-1, max-image-preview:large, max-video-preview:-1\" \/>\n<link rel=\"canonical\" href=\"https:\/\/lovelsoft.com\/about-us\/\" \/>\n<meta property=\"og:locale\" content=\"en_US\" \/>\n<meta property=\"og:type\" content=\"article\" \/>\n<meta property=\"og:title\" content=\"About Us\" \/>\n<meta property=\"og:description\" content=\"[vc_row wrap_container=&#8221;yes&#8221; css=&#8221;.vc_custom_1659506354463{padding-top: 35px !important;padding-bottom: 48px !important;}&#8221; conditional_render=&#8221;%5B%7B%22value_role%22%3A%22administrator%22%7D%5D&#8221;][vc_column][\/vc_column][\/vc_row][vc_row wrap_container=&#8221;yes&#8221; css=&#8221;.vc_custom_1519805538811{padding-top: 50px !important;padding-bottom: 40px !important;background-color: #f4f4f4 !important;}&#8221;][vc_column][vc_row_inner][vc_column_inner width=&#8221;1\/3&#8243;][\/vc_column_inner][vc_column_inner width=&#8221;1\/3&#8243;][\/vc_column_inner][vc_column_inner width=&#8221;1\/3&#8243;][\/vc_column_inner][\/vc_row_inner][\/vc_column][\/vc_row][vc_row wrap_container=&#8221;yes&#8221; css=&#8221;.vc_custom_1519806887930{padding-top: 50px !important;padding-bottom: 10px !important;}&#8221;][vc_column][vc_row_inner][vc_column_inner width=&#8221;1\/2&#8243;][\/vc_column_inner][vc_column_inner width=&#8221;1\/2&#8243;][\/vc_column_inner][\/vc_row_inner][\/vc_column][\/vc_row][vc_row wrap_container=&#8221;yes&#8221; css=&#8221;.vc_custom_1519807308900{padding-top: 50px !important;padding-bottom: 15px !important;background-color: #f4f4f4 !important;}&#8221;][vc_column width=&#8221;1\/5&#8243; conditional_render=&#8221;%5B%7B%22value_role%22%3A%22administrator%22%7D%5D&#8221;][\/vc_column][vc_column width=&#8221;1\/5&#8243;][\/vc_column][vc_column width=&#8221;1\/5&#8243;][\/vc_column][vc_column width=&#8221;1\/5&#8243;][\/vc_column][vc_column width=&#8221;1\/5&#8243;][\/vc_column][\/vc_row]\" \/>\n<meta property=\"og:url\" content=\"https:\/\/lovelsoft.com\/about-us\/\" \/>\n<meta property=\"og:site_name\" content=\"lovelsoft\" \/>\n<meta property=\"article:modified_time\" content=\"2024-08-12T20:16:50+00:00\" \/>\n<meta name=\"twitter:card\" content=\"summary_large_image\" \/>\n<meta name=\"twitter:label1\" content=\"Est. reading time\" \/>\n\t<meta name=\"twitter:data1\" content=\"3 minutes\" \/>\n<script type=\"application\/ld+json\" class=\"yoast-schema-graph\">{\"@context\":\"https:\/\/schema.org\",\"@graph\":[{\"@type\":\"WebPage\",\"@id\":\"https:\/\/lovelsoft.com\/about-us\/\",\"url\":\"https:\/\/lovelsoft.com\/about-us\/\",\"name\":\"About Us - lovelsoft\",\"isPartOf\":{\"@id\":\"https:\/\/lovelsoft.com\/en\/#website\"},\"datePublished\":\"2020-02-25T08:21:14+00:00\",\"dateModified\":\"2024-08-12T20:16:50+00:00\",\"breadcrumb\":{\"@id\":\"https:\/\/lovelsoft.com\/about-us\/#breadcrumb\"},\"inLanguage\":\"en-US\",\"potentialAction\":[{\"@type\":\"ReadAction\",\"target\":[\"https:\/\/lovelsoft.com\/about-us\/\"]}]},{\"@type\":\"BreadcrumbList\",\"@id\":\"https:\/\/lovelsoft.com\/about-us\/#breadcrumb\",\"itemListElement\":[{\"@type\":\"ListItem\",\"position\":1,\"name\":\"Home\",\"item\":\"https:\/\/lovelsoft.com\/\"},{\"@type\":\"ListItem\",\"position\":2,\"name\":\"About Us\"}]},{\"@type\":\"WebSite\",\"@id\":\"https:\/\/lovelsoft.com\/en\/#website\",\"url\":\"https:\/\/lovelsoft.com\/en\/\",\"name\":\"lovelsoft\",\"description\":\"Impulsa tu vida con la tecnolog\u00eda que transforma.\",\"potentialAction\":[{\"@type\":\"SearchAction\",\"target\":{\"@type\":\"EntryPoint\",\"urlTemplate\":\"https:\/\/lovelsoft.com\/en\/?s={search_term_string}\"},\"query-input\":{\"@type\":\"PropertyValueSpecification\",\"valueRequired\":true,\"valueName\":\"search_term_string\"}}],\"inLanguage\":\"en-US\"}]}<\/script>\n<!-- \/ Yoast SEO Premium plugin. -->","yoast_head_json":{"title":"About Us - lovelsoft","robots":{"index":"index","follow":"follow","max-snippet":"max-snippet:-1","max-image-preview":"max-image-preview:large","max-video-preview":"max-video-preview:-1"},"canonical":"https:\/\/lovelsoft.com\/about-us\/","og_locale":"en_US","og_type":"article","og_title":"About Us","og_description":"[vc_row wrap_container=&#8221;yes&#8221; css=&#8221;.vc_custom_1659506354463{padding-top: 35px !important;padding-bottom: 48px !important;}&#8221; conditional_render=&#8221;%5B%7B%22value_role%22%3A%22administrator%22%7D%5D&#8221;][vc_column][\/vc_column][\/vc_row][vc_row wrap_container=&#8221;yes&#8221; css=&#8221;.vc_custom_1519805538811{padding-top: 50px !important;padding-bottom: 40px !important;background-color: #f4f4f4 !important;}&#8221;][vc_column][vc_row_inner][vc_column_inner width=&#8221;1\/3&#8243;][\/vc_column_inner][vc_column_inner width=&#8221;1\/3&#8243;][\/vc_column_inner][vc_column_inner width=&#8221;1\/3&#8243;][\/vc_column_inner][\/vc_row_inner][\/vc_column][\/vc_row][vc_row wrap_container=&#8221;yes&#8221; css=&#8221;.vc_custom_1519806887930{padding-top: 50px !important;padding-bottom: 10px !important;}&#8221;][vc_column][vc_row_inner][vc_column_inner width=&#8221;1\/2&#8243;][\/vc_column_inner][vc_column_inner width=&#8221;1\/2&#8243;][\/vc_column_inner][\/vc_row_inner][\/vc_column][\/vc_row][vc_row wrap_container=&#8221;yes&#8221; css=&#8221;.vc_custom_1519807308900{padding-top: 50px !important;padding-bottom: 15px !important;background-color: #f4f4f4 !important;}&#8221;][vc_column width=&#8221;1\/5&#8243; conditional_render=&#8221;%5B%7B%22value_role%22%3A%22administrator%22%7D%5D&#8221;][\/vc_column][vc_column width=&#8221;1\/5&#8243;][\/vc_column][vc_column width=&#8221;1\/5&#8243;][\/vc_column][vc_column width=&#8221;1\/5&#8243;][\/vc_column][vc_column width=&#8221;1\/5&#8243;][\/vc_column][\/vc_row]","og_url":"https:\/\/lovelsoft.com\/about-us\/","og_site_name":"lovelsoft","article_modified_time":"2024-08-12T20:16:50+00:00","twitter_card":"summary_large_image","twitter_misc":{"Est. reading time":"3 minutes"},"schema":{"@context":"https:\/\/schema.org","@graph":[{"@type":"WebPage","@id":"https:\/\/lovelsoft.com\/about-us\/","url":"https:\/\/lovelsoft.com\/about-us\/","name":"About Us - lovelsoft","isPartOf":{"@id":"https:\/\/lovelsoft.com\/en\/#website"},"datePublished":"2020-02-25T08:21:14+00:00","dateModified":"2024-08-12T20:16:50+00:00","breadcrumb":{"@id":"https:\/\/lovelsoft.com\/about-us\/#breadcrumb"},"inLanguage":"en-US","potentialAction":[{"@type":"ReadAction","target":["https:\/\/lovelsoft.com\/about-us\/"]}]},{"@type":"BreadcrumbList","@id":"https:\/\/lovelsoft.com\/about-us\/#breadcrumb","itemListElement":[{"@type":"ListItem","position":1,"name":"Home","item":"https:\/\/lovelsoft.com\/"},{"@type":"ListItem","position":2,"name":"About Us"}]},{"@type":"WebSite","@id":"https:\/\/lovelsoft.com\/en\/#website","url":"https:\/\/lovelsoft.com\/en\/","name":"lovelsoft","description":"Impulsa tu vida con la tecnolog\u00eda que transforma.","potentialAction":[{"@type":"SearchAction","target":{"@type":"EntryPoint","urlTemplate":"https:\/\/lovelsoft.com\/en\/?s={search_term_string}"},"query-input":{"@type":"PropertyValueSpecification","valueRequired":true,"valueName":"search_term_string"}}],"inLanguage":"en-US"}]}},"_links":{"self":[{"href":"https:\/\/lovelsoft.com\/en\/wp-json\/wp\/v2\/pages\/2122","targetHints":{"allow":["GET"]}}],"collection":[{"href":"https:\/\/lovelsoft.com\/en\/wp-json\/wp\/v2\/pages"}],"about":[{"href":"https:\/\/lovelsoft.com\/en\/wp-json\/wp\/v2\/types\/page"}],"author":[{"embeddable":true,"href":"https:\/\/lovelsoft.com\/en\/wp-json\/wp\/v2\/users\/1"}],"replies":[{"embeddable":true,"href":"https:\/\/lovelsoft.com\/en\/wp-json\/wp\/v2\/comments?post=2122"}],"version-history":[{"count":1,"href":"https:\/\/lovelsoft.com\/en\/wp-json\/wp\/v2\/pages\/2122\/revisions"}],"predecessor-version":[{"id":5124,"href":"https:\/\/lovelsoft.com\/en\/wp-json\/wp\/v2\/pages\/2122\/revisions\/5124"}],"wp:attachment":[{"href":"https:\/\/lovelsoft.com\/en\/wp-json\/wp\/v2\/media?parent=2122"}],"curies":[{"name":"wp","href":"https:\/\/api.w.org\/{rel}","templated":true}]}}